{"id":687,"date":"2019-03-27T14:26:09","date_gmt":"2019-03-27T13:26:09","guid":{"rendered":"https:\/\/bt-it.de\/cms\/?page_id=687"},"modified":"2019-05-17T11:59:46","modified_gmt":"2019-05-17T09:59:46","slug":"support","status":"publish","type":"page","link":"https:\/\/www.bt-it.de\/cms\/support\/","title":{"rendered":"Support"},"content":{"rendered":"<div><ss3-force-full-width data-overflow-x=\"body\" data-horizontal-selector=\"body\"><div class=\"n2-section-smartslider fitvidsignore \" data-ssid=\"241\" tabindex=\"0\" role=\"region\" aria-label=\"Slider\"><div id=\"n2-ss-241-align\" class=\"n2-ss-align\"><div class=\"n2-padding\"><div id=\"n2-ss-241\" data-creator=\"Smart Slider 3\" data-responsive=\"fullwidth\" class=\"n2-ss-slider n2-ow n2-has-hover n2notransition  \">\n        <div class=\"n2-ss-slider-1 n2_ss__touch_element n2-ow\">\n            <div class=\"n2-ss-slider-2 n2-ow\">\n                                                <div class=\"n2-ss-slider-3 n2-ow\">\n\n                    <div class=\"n2-ss-slide-backgrounds n2-ow-all\"><div class=\"n2-ss-slide-background\" data-public-id=\"1\" data-mode=\"fill\"><div data-color=\"RGBA(255,255,255,0)\" style=\"background-color: RGBA(255,255,255,0);\" class=\"n2-ss-slide-background-color\"><\/div><\/div><\/div>                    <div class=\"n2-ss-slider-4 n2-ow\">\n                        <svg xmlns=\"http:\/\/www.w3.org\/2000\/svg\" viewBox=\"0 0 1920 700\" data-related-device=\"desktopPortrait\" class=\"n2-ow n2-ss-preserve-size n2-ss-preserve-size--slider n2-ss-slide-limiter\"><\/svg><div data-first=\"1\" data-slide-duration=\"0\" data-id=\"309\" data-slide-public-id=\"1\" data-title=\"Company\" class=\"n2-ss-slide n2-ow  n2-ss-slide-309\"><div role=\"note\" class=\"n2-ss-slide--focus\" tabindex=\"-1\">Company<\/div><div class=\"n2-ss-layers-container n2-ss-slide-limiter n2-ow\"><div class=\"n2-ss-layer n2-ow n-uc-wNpBVRLWb1aM\" data-sstype=\"slide\" data-pm=\"default\"><div class=\"n2-ss-layer n2-ow n-uc-6WXbT6PfksrP n2-ss-layer--need-height\" data-pm=\"absolute\" data-responsiveposition=\"1\" data-desktopportraitleft=\"0\" data-desktopportraittop=\"0\" data-responsivesize=\"1\" data-desktopportraitwidth=\"960\" data-desktopportraitheight=\"900\" data-desktopportraitalign=\"right\" data-desktopportraitvalign=\"top\" data-parentid=\"\" data-desktopportraitparentalign=\"center\" data-desktopportraitparentvalign=\"middle\" data-hidemobileportrait=\"1\" data-sstype=\"layer\"><div class=\"n2-ss-item-content n2-ow\" style=\"background-color: #132233;background-color: RGBA(19,34,51,0.79);height:100%;\"><\/div><\/div><div class=\"n2-ss-layer n2-ow n-uc-OlDAfQ3eczAb n2-ss-layer--need-height\" data-pm=\"absolute\" data-responsiveposition=\"1\" data-desktopportraitleft=\"480\" data-desktopportraittop=\"0\" data-responsivesize=\"1\" data-desktopportraitwidth=\"960\" data-desktopportraitheight=\"700\" data-desktopportraitalign=\"center\" data-desktopportraitvalign=\"middle\" data-parentid=\"\" data-desktopportraitparentalign=\"center\" data-desktopportraitparentvalign=\"middle\" data-sstype=\"layer\"><div class=\"n2-ss-item-content n2-ow\" style=\"background-color: #ffffff;background-color: RGBA(255,255,255,1);height:100%;\"><\/div><\/div><div class=\"n2-ss-layer n2-ow n-uc-KJN2kYqeOXcS n2-ss-layer--need-height\" data-pm=\"absolute\" data-responsiveposition=\"1\" data-desktopportraitleft=\"-960\" data-mobileportraitleft=\"0\" data-desktopportraittop=\"0\" data-mobileportraittop=\"0\" data-responsivesize=\"1\" data-desktopportraitwidth=\"100%\" data-mobileportraitwidth=\"200%\" data-desktopportraitheight=\"100%\" data-desktopportraitalign=\"center\" data-desktopportraitvalign=\"middle\" data-parentid=\"\" data-desktopportraitparentalign=\"center\" data-desktopportraitparentvalign=\"middle\" data-animv2=\"{&quot;basic&quot;:{&quot;in&quot;:{&quot;keyFrames&quot;:[{&quot;duration&quot;:1.2,&quot;delay&quot;:1.7,&quot;x&quot;:&quot;-960&quot;}]}}}\" data-sstype=\"layer\"><picture class=\"n2-ow-all skip-lazy\" data-skip-lazy=\"1\"><img fetchpriority=\"high\" decoding=\"async\" alt=\"\" class=\"n2-ss-item-content  n2-ss-item-image-area skip-lazy\" style=\"object-fit:cover;object-position:82% 52%;\" width=\"1920\" height=\"674\" data-skip-lazy=\"1\" src=\"\/\/www.bt-it.de\/cms\/wp-content\/uploads\/2021\/09\/team-2954004_1920.jpg\" \/><\/picture><\/div><div class=\"n2-ss-layer n2-ow n-uc-6hkdishYkZfj\" data-pm=\"default\" data-sstype=\"content\" data-hasbackground=\"0\"><div class=\"n2-ss-section-main-content n2-ss-layer-with-background n2-ss-layer-content n2-ow n-uc-6hkdishYkZfj-inner\"><div class=\"n2-ss-layer n2-ow n2-ss-layer--block n2-ss-has-self-align n-uc-YmzChLxTFyC2\" data-pm=\"normal\" data-sstype=\"row\"><div class=\"n2-ss-layer-row n2-ss-layer-with-background n-uc-YmzChLxTFyC2-inner\"><div class=\"n2-ss-layer-row-inner \"><div class=\"n2-ss-layer n2-ow header_sizing n-uc-uCj5sRaWTkOq\" data-pm=\"default\" data-animv2=\"{&quot;basic&quot;:{&quot;in&quot;:{&quot;type&quot;:&quot;basic&quot;,&quot;name&quot;:&quot;Rechts&quot;,&quot;keyFrames&quot;:[{&quot;duration&quot;:1.2,&quot;delay&quot;:1.7,&quot;x&quot;:&quot;-480&quot;}]}}}\" data-sstype=\"col\"><div class=\"n2-ss-layer-col n2-ss-layer-with-background n2-ss-layer-content n-uc-uCj5sRaWTkOq-inner\"><div class=\"n2-ss-layer n2-ow n2-ss-layer--block n2-ss-has-self-align n-uc-pMxRWjCrBoqx\" data-pm=\"normal\" data-sstype=\"row\"><div class=\"n2-ss-layer-row n2-ss-layer-with-background n-uc-pMxRWjCrBoqx-inner\"><div class=\"n2-ss-layer-row-inner \"><div class=\"n2-ss-layer n2-ow n-uc-QHqdsOrfaZcu\" data-pm=\"default\" data-sstype=\"col\"><div class=\"n2-ss-layer-col n2-ss-layer-with-background n2-ss-layer-content n-uc-QHqdsOrfaZcu-inner\"><div class=\"n2-ss-layer n2-ow n-uc-F5IHh2cBOCy2\" data-pm=\"normal\" data-hidedesktopportrait=\"1\" data-hidetabletportrait=\"1\" data-sstype=\"layer\"><div class=\" n2-ss-item-image-content n2-ss-item-content n2-ow-all\"><picture class=\"skip-lazy\" data-skip-lazy=\"1\"><img decoding=\"async\" id=\"n2-ss-241item4\" alt=\"BT-IT Support\" class=\"skip-lazy\" title=\"BT-IT Support\" width=\"329\" height=\"238\" data-skip-lazy=\"1\" src=\"\/\/www.bt-it.de\/cms\/wp-content\/uploads\/2019\/04\/BT-Support.png\" \/><\/picture><\/div><\/div><div class=\"n2-ss-layer n2-ow n-uc-d9l1QIGZrlp9\" data-pm=\"normal\" data-hidedesktopportrait=\"1\" data-hidetabletportrait=\"1\" data-sstype=\"layer\"><div id=\"n2-ss-241item5\" class=\"n2-font-3013b4bc7c81afce1cce9b80bcbdcf28-hover   n2-ss-item-content n2-ss-text n2-ow\" style=\"display:block;\">BT-IT Support<\/div><\/div><div class=\"n2-ss-layer n2-ow n-uc-xkWhJBRwQDSI\" data-pm=\"normal\" data-hidedesktopportrait=\"1\" data-hidetabletportrait=\"1\" data-sstype=\"layer\"><div class=\"n2-ss-item-content n2-ss-text n2-ow-all\"><div class=\"\"><p class=\"n2-font-fc9c0185d4a9951634c9edfb8e4e73ca-paragraph   \">Wir als BT-IT GmbH unterst\u00fctzen Sie nicht nur bei der Planung und Einf\u00fchrung von Softwarel\u00f6sungen, sondern auch rund um Support und Fernwartung.<br \/>\n<br \/>\nSie erreichen unser Supportabteilung per Telefon oder einfach \u00fcber unser Ticketsystem. Unsere geschulten Mitarbeiter helfen Ihnen gerne bei Problemen und Fragen weiter! <\/p>\n<\/div><\/div><\/div><div class=\"n2-ss-layer n2-ow n-uc-5mjtAWRt7ugc\" data-pm=\"normal\" data-hidemobileportrait=\"1\" data-sstype=\"layer\"><div class=\" n2-ss-item-image-content n2-ss-item-content n2-ow-all\"><picture class=\"skip-lazy\" data-skip-lazy=\"1\"><img decoding=\"async\" id=\"n2-ss-241item7\" alt=\"BT-IT Support\" class=\"skip-lazy\" title=\"BT-IT Support\" width=\"329\" height=\"238\" data-skip-lazy=\"1\" src=\"\/\/www.bt-it.de\/cms\/wp-content\/uploads\/2019\/04\/BT-Support.png\" \/><\/picture><\/div><\/div><\/div><\/div><div class=\"n2-ss-layer n2-ow n-uc-VQj8tP63KgZH\" data-pm=\"default\" data-hidemobileportrait=\"1\" data-sstype=\"col\"><div class=\"n2-ss-layer-col n2-ss-layer-with-background n2-ss-layer-content n-uc-VQj8tP63KgZH-inner\"><div class=\"n2-ss-layer n2-ow n-uc-ROvOKYozqIWB\" data-pm=\"normal\" data-sstype=\"layer\"><div id=\"n2-ss-241item8\" class=\"n2-font-3013b4bc7c81afce1cce9b80bcbdcf28-hover   n2-ss-item-content n2-ss-text n2-ow\" style=\"display:block;\">BT-IT Support<\/div><\/div><div class=\"n2-ss-layer n2-ow n-uc-cLXJRTVM5I6j\" data-pm=\"normal\" data-hidemobileportrait=\"1\" data-sstype=\"layer\"><div class=\"n2-ss-item-content n2-ss-text n2-ow-all\"><div class=\"\"><p class=\"n2-font-6b93cbc2d633909a0369561ae53bd5bb-paragraph   \">F\u00fcr jedes Problem eine L\u00f6sung &#8211; Die Supportabteilung der BT-IT GmbH<\/p>\n<\/div><\/div><\/div><\/div><\/div><\/div><\/div><\/div><\/div><\/div><div class=\"n2-ss-layer n2-ow n-uc-0CkSfnJ7PhEs\" data-pm=\"default\" data-hidemobileportrait=\"1\" data-sstype=\"col\"><div class=\"n2-ss-layer-col n2-ss-layer-with-background n2-ss-layer-content n-uc-0CkSfnJ7PhEs-inner\"><div class=\"n2-ss-layer n2-ow n-uc-vxS7WqdCn6eF\" data-pm=\"normal\" data-animv2=\"{&quot;basic&quot;:{&quot;in&quot;:{&quot;type&quot;:&quot;basic&quot;,&quot;name&quot;:&quot;Rechts&quot;,&quot;keyFrames&quot;:[{&quot;duration&quot;:1.2,&quot;delay&quot;:1.9,&quot;x&quot;:&quot;-900&quot;}]}}}\" data-sstype=\"layer\"><div class=\"n2-ss-item-content n2-ss-text n2-ow-all\"><div class=\"\"><p class=\"n2-font-6b93cbc2d633909a0369561ae53bd5bb-paragraph   \">Wir als BT-IT GmbH unterst\u00fctzen Sie nicht nur bei der Planung und Einf\u00fchrung von Softwarel\u00f6sungen, sondern auch rund um Support und Fernwartung.<br \/>\n<br \/>\nSie erreichen unser Supportabteilung per Telefon oder einfach \u00fcber unser Ticketsystem. Unsere geschulten Mitarbeiter helfen Ihnen gerne bei Problemen und Fragen weiter! <\/p>\n<\/div><\/div><\/div><\/div><\/div><\/div><\/div><\/div><\/div><\/div><\/div><\/div><\/div>                    <\/div>\n\n                                    <\/div>\n            <\/div>\n        <\/div>\n        <\/div><ss3-loader><\/ss3-loader><\/div><\/div><div class=\"n2_clear\"><\/div><\/div><\/ss3-force-full-width><\/div>\n\n<div><ss3-force-full-width data-overflow-x=\"body\" data-horizontal-selector=\"body\"><div class=\"n2-section-smartslider fitvidsignore \" data-ssid=\"240\" tabindex=\"0\" role=\"region\" aria-label=\"Slider\"><div id=\"n2-ss-240-align\" class=\"n2-ss-align\"><div class=\"n2-padding\"><div id=\"n2-ss-240\" data-creator=\"Smart Slider 3\" data-responsive=\"fullwidth\" class=\"n2-ss-slider n2-ow n2-has-hover n2notransition  \">\n        <div class=\"n2-ss-slider-1 n2_ss__touch_element n2-ow\">\n            <div class=\"n2-ss-slider-2 n2-ow\">\n                                                <div class=\"n2-ss-slider-3 n2-ow\">\n\n                    <div class=\"n2-ss-slide-backgrounds n2-ow-all\"><div class=\"n2-ss-slide-background\" data-public-id=\"1\" data-mode=\"fill\"><div data-color=\"RGBA(255,255,255,1)\" style=\"background-color: RGBA(255,255,255,1);\" class=\"n2-ss-slide-background-color\"><\/div><\/div><\/div>                    <div class=\"n2-ss-slider-4 n2-ow\">\n                        <svg xmlns=\"http:\/\/www.w3.org\/2000\/svg\" viewBox=\"0 0 1200 400\" data-related-device=\"desktopPortrait\" class=\"n2-ow n2-ss-preserve-size n2-ss-preserve-size--slider n2-ss-slide-limiter\"><\/svg><div data-first=\"1\" data-slide-duration=\"0\" data-id=\"308\" data-slide-public-id=\"1\" data-title=\"Slide 1\" class=\"n2-ss-slide n2-ow  n2-ss-slide-308\"><div role=\"note\" class=\"n2-ss-slide--focus\" tabindex=\"-1\">Slide 1<\/div><div class=\"n2-ss-layers-container n2-ss-slide-limiter n2-ow\"><div class=\"n2-ss-layer n2-ow n-uc-K9QMHIRaCnUg\" data-sstype=\"slide\" data-pm=\"default\"><div class=\"n2-ss-layer n2-ow n-uc-RbkYfIG1Hi2F\" data-pm=\"default\" data-sstype=\"content\" data-hasbackground=\"0\"><div class=\"n2-ss-section-main-content n2-ss-layer-with-background n2-ss-layer-content n2-ow n-uc-RbkYfIG1Hi2F-inner\"><div class=\"n2-ss-layer n2-ow n2-ss-layer--block n2-ss-has-self-align n-uc-qKpCmIYnpQYm\" data-pm=\"normal\" data-sstype=\"row\"><div class=\"n2-ss-layer-row n2-ss-layer-with-background n-uc-qKpCmIYnpQYm-inner\"><div class=\"n2-ss-layer-row-inner \"><div class=\"n2-ss-layer n2-ow n-uc-puaDvGKpgAfd\" data-pm=\"default\" data-sstype=\"col\"><div class=\"n2-ss-layer-col n2-ss-layer-with-background n2-ss-layer-content n-uc-puaDvGKpgAfd-inner\"><div class=\"n2-ss-layer n2-ow n-uc-UeSgslX54M3a\" data-pm=\"normal\" data-sstype=\"layer\"><div id=\"n2-ss-240item1\" class=\"n2-font-a680c3318ac3b2d7e1056ea55795eecb-hover   n2-ss-item-content n2-ss-text n2-ow\" style=\"display:block;\">Ticketsystem<\/div><\/div><div class=\"n2-ss-layer n2-ow n-uc-UNzyhtVBBbWC\" data-pm=\"normal\" data-sstype=\"layer\"><div class=\"n2-ss-item-content n2-ss-text n2-ow-all\"><div class=\"\"><p class=\"n2-font-1e2f9a651d784a42a2876ace6258f0ea-paragraph   \"><a href=\"mailto:support@bt-it.de\">support@bt-it.de<\/a><\/p>\n<\/div><\/div><\/div><div class=\"n2-ss-layer n2-ow n-uc-OWHU439G5v58\" data-pm=\"normal\" data-sstype=\"layer\"><div class=\"n2-ss-item-content n2-ss-text n2-ow-all\"><div class=\"\"><p class=\"n2-font-1b8d7df27a996f83637d9f7bce92802e-paragraph   \">Wenden Sie sich jederzeit einfach und schnell \u00fcber unser Ticketsystem an die Supportabteilung.<\/p>\n<\/div><\/div><\/div><\/div><\/div><div class=\"n2-ss-layer n2-ow n-uc-Zzyfw2kzvEjA\" data-pm=\"default\" data-sstype=\"col\"><div class=\"n2-ss-layer-col n2-ss-layer-with-background n2-ss-layer-content n-uc-Zzyfw2kzvEjA-inner\"><div class=\"n2-ss-layer n2-ow n-uc-Us7KVHX3V7KM\" data-pm=\"normal\" data-sstype=\"layer\"><div id=\"n2-ss-240item4\" class=\"n2-font-a680c3318ac3b2d7e1056ea55795eecb-hover   n2-ss-item-content n2-ss-text n2-ow\" style=\"display:block;\">Telefonsupport<\/div><\/div><div class=\"n2-ss-layer n2-ow n-uc-8BkC61fR34hR\" data-pm=\"normal\" data-sstype=\"layer\"><div class=\"n2-ss-item-content n2-ss-text n2-ow-all\"><div class=\"\"><p class=\"n2-font-50810d4716b5c4c4ec23d0b84deffd9e-paragraph   \">+49 4402 \/ 98201 &#8211; 40<\/p>\n<\/div><\/div><\/div><div class=\"n2-ss-layer n2-ow n-uc-fanxytW2acjm\" data-pm=\"normal\" data-sstype=\"layer\"><div class=\"n2-ss-item-content n2-ss-text n2-ow-all\"><div class=\"\"><p class=\"n2-font-1b8d7df27a996f83637d9f7bce92802e-paragraph   \">W\u00e4hrend unserer Gesch\u00e4ftszeiten k\u00f6nnen Sie sich auch jederzeit telefonisch an uns wenden.<\/p>\n<\/div><\/div><\/div><\/div><\/div><div class=\"n2-ss-layer n2-ow n-uc-Bo9TikxBzAbV\" data-pm=\"default\" data-sstype=\"col\"><div class=\"n2-ss-layer-col n2-ss-layer-with-background n2-ss-layer-content n-uc-Bo9TikxBzAbV-inner\"><div class=\"n2-ss-layer n2-ow n-uc-WJM1rZ3RlctC\" data-pm=\"normal\" data-sstype=\"layer\"><div id=\"n2-ss-240item7\" class=\"n2-font-a680c3318ac3b2d7e1056ea55795eecb-hover   n2-ss-item-content n2-ss-text n2-ow\" style=\"display:block;\">Fernwartung<\/div><\/div><div class=\"n2-ss-layer n2-ow n-uc-uv5K0sWJ33Yh\" data-pm=\"normal\" data-sstype=\"layer\"><div class=\"n2-ss-item-content n2-ss-text n2-ow-all\"><div class=\"\" data-hide-desktoplandscape=\"1\" data-hide-desktopportrait=\"1\"><p class=\"n2-font-50810d4716b5c4c4ec23d0b84deffd9e-paragraph  \"><a href=\"https:\/\/www.teamviewer.com\/de\/download\/windows\/\" target=\"_blank\">Download TeamViewer<\/a><\/p>\n<\/div><div class=\"\" data-hide-mobilelandscape=\"1\" data-hide-mobileportrait=\"1\" data-hide-tabletlandscape=\"1\" data-hide-tabletportrait=\"1\"><p class=\"n2-font-50810d4716b5c4c4ec23d0b84deffd9e-paragraph   \"><a href=\"https:\/\/www.teamviewer.com\/de\/download\/windows\/\" target=\"_blank\">Download TeamViewer<\/a><\/p>\n<\/div><\/div><\/div><div class=\"n2-ss-layer n2-ow n-uc-318wb17pfXxD\" data-pm=\"normal\" data-sstype=\"layer\"><div class=\"n2-ss-item-content n2-ss-text n2-ow-all\"><div class=\"\"><p class=\"n2-font-1b8d7df27a996f83637d9f7bce92802e-paragraph   \">Gerne unterst\u00fctzen wir Sie bei Ihren Problemen mit der kostenlosen Fernwartung TeamViewer.<\/p>\n<\/div><\/div><\/div><\/div><\/div><\/div><\/div><\/div><div class=\"n2-ss-layer n2-ow n2-ss-layer--block n2-ss-has-self-align n-uc-1ec758a6d2282\" data-pm=\"normal\" data-sstype=\"row\"><div class=\"n2-ss-layer-row n2-ss-layer-with-background n-uc-1ec758a6d2282-inner\"><div class=\"n2-ss-layer-row-inner \"><div class=\"n2-ss-layer n2-ow n-uc-11dfe584a7e28\" data-pm=\"default\" data-sstype=\"col\"><div class=\"n2-ss-layer-col n2-ss-layer-with-background n2-ss-layer-content n-uc-11dfe584a7e28-inner\"><div class=\"n2-ss-layer n2-ow n-uc-kK17HRJIkmS8\" data-pm=\"normal\" data-sstype=\"layer\"><div class=\" n2-ss-item-image-content n2-ss-item-content n2-ow-all\"><picture class=\"skip-lazy\" data-skip-lazy=\"1\"><img loading=\"lazy\" decoding=\"async\" id=\"n2-ss-240item10\" alt=\"\" class=\"skip-lazy\" style=\"width:1920px;height:auto\" width=\"878\" height=\"597\" data-skip-lazy=\"1\" src=\"\/\/www.bt-it.de\/cms\/wp-content\/uploads\/2021\/09\/mail.jpg\" \/><\/picture><\/div><\/div><\/div><\/div><div class=\"n2-ss-layer n2-ow n-uc-1c71afe4f6736\" data-pm=\"default\" data-sstype=\"col\"><div class=\"n2-ss-layer-col n2-ss-layer-with-background n2-ss-layer-content n-uc-1c71afe4f6736-inner\"><div class=\"n2-ss-layer n2-ow n-uc-9xxz5aFTrlgj\" data-pm=\"normal\" data-sstype=\"layer\"><div class=\" n2-ss-item-image-content n2-ss-item-content n2-ow-all\"><picture class=\"skip-lazy\" data-skip-lazy=\"1\"><img loading=\"lazy\" decoding=\"async\" id=\"n2-ss-240item11\" alt=\"\" class=\"skip-lazy\" style=\"width:1920px;height:auto\" width=\"380\" height=\"256\" data-skip-lazy=\"1\" src=\"\/\/www.bt-it.de\/cms\/wp-content\/uploads\/2021\/09\/Telefon.png\" \/><\/picture><\/div><\/div><\/div><\/div><div class=\"n2-ss-layer n2-ow n-uc-191ee21750281\" data-pm=\"default\" data-sstype=\"col\"><div class=\"n2-ss-layer-col n2-ss-layer-with-background n2-ss-layer-content n-uc-191ee21750281-inner\"><div class=\"n2-ss-layer n2-ow n-uc-qTNs3480h4bP\" data-pm=\"normal\" data-sstype=\"layer\"><div class=\" n2-ss-item-image-content n2-ss-item-content n2-ow-all\"><picture class=\"skip-lazy\" data-skip-lazy=\"1\"><img loading=\"lazy\" decoding=\"async\" id=\"n2-ss-240item12\" alt=\"\" class=\"skip-lazy\" style=\"width:1920px;height:auto\" width=\"377\" height=\"260\" data-skip-lazy=\"1\" src=\"\/\/www.bt-it.de\/cms\/wp-content\/uploads\/2021\/09\/supportwelt.png\" \/><\/picture><\/div><\/div><\/div><\/div><\/div><\/div><\/div><\/div><\/div><\/div><\/div><\/div>                    <\/div>\n\n                                    <\/div>\n            <\/div>\n        <\/div>\n        <\/div><ss3-loader><\/ss3-loader><\/div><\/div><div class=\"n2_clear\"><\/div><\/div><\/ss3-force-full-width><\/div>","protected":false},"excerpt":{"rendered":"","protected":false},"author":2,"featured_media":0,"parent":0,"menu_order":0,"comment_status":"closed","ping_status":"closed","template":"","meta":{"_monsterinsights_skip_tracking":false,"_monsterinsights_sitenote_active":false,"_monsterinsights_sitenote_note":"","_monsterinsights_sitenote_category":0,"site-sidebar-layout":"default","site-content-layout":"default","ast-site-content-layout":"default","site-content-style":"default","site-sidebar-style":"default","ast-global-header-display":"","ast-banner-title-visibility":"","ast-main-header-display":"","ast-hfb-above-header-display":"","ast-hfb-below-header-display":"","ast-hfb-mobile-header-display":"","site-post-title":"disabled","ast-breadcrumbs-content":"","ast-featured-img":"","footer-sml-layout":"","ast-disable-related-posts":"","theme-transparent-header-meta":"default","adv-header-id-meta":"","stick-header-meta":"","header-above-stick-meta":"","header-main-stick-meta":"","header-below-stick-meta":"","astra-migrate-meta-layouts":"default","ast-page-background-enabled":"default","ast-page-background-meta":{"desktop":{"background-color":"","background-image":"","background-repeat":"repeat","background-position":"center center","background-size":"auto","background-attachment":"scroll","background-type":"","background-media":"","overlay-type":"","overlay-color":"","overlay-opacity":"","overlay-gradient":""},"tablet":{"background-color":"","background-image":"","background-repeat":"repeat","background-position":"center center","background-size":"auto","background-attachment":"scroll","background-type":"","background-media":"","overlay-type":"","overlay-color":"","overlay-opacity":"","overlay-gradient":""},"mobile":{"background-color":"","background-image":"","background-repeat":"repeat","background-position":"center center","background-size":"auto","background-attachment":"scroll","background-type":"","background-media":"","overlay-type":"","overlay-color":"","overlay-opacity":"","overlay-gradient":""}},"ast-content-background-meta":{"desktop":{"background-color":"var(--ast-global-color-5)","background-image":"","background-repeat":"repeat","background-position":"center center","background-size":"auto","background-attachment":"scroll","background-type":"","background-media":"","overlay-type":"","overlay-color":"","overlay-opacity":"","overlay-gradient":""},"tablet":{"background-color":"var(--ast-global-color-5)","background-image":"","background-repeat":"repeat","background-position":"center center","background-size":"auto","background-attachment":"scroll","background-type":"","background-media":"","overlay-type":"","overlay-color":"","overlay-opacity":"","overlay-gradient":""},"mobile":{"background-color":"var(--ast-global-color-5)","background-image":"","background-repeat":"repeat","background-position":"center center","background-size":"auto","background-attachment":"scroll","background-type":"","background-media":"","overlay-type":"","overlay-color":"","overlay-opacity":"","overlay-gradient":""}},"footnotes":""},"class_list":["post-687","page","type-page","status-publish","hentry"],"aioseo_notices":[],"_links":{"self":[{"href":"https:\/\/www.bt-it.de\/cms\/wp-json\/wp\/v2\/pages\/687","targetHints":{"allow":["GET"]}}],"collection":[{"href":"https:\/\/www.bt-it.de\/cms\/wp-json\/wp\/v2\/pages"}],"about":[{"href":"https:\/\/www.bt-it.de\/cms\/wp-json\/wp\/v2\/types\/page"}],"author":[{"embeddable":true,"href":"https:\/\/www.bt-it.de\/cms\/wp-json\/wp\/v2\/users\/2"}],"replies":[{"embeddable":true,"href":"https:\/\/www.bt-it.de\/cms\/wp-json\/wp\/v2\/comments?post=687"}],"version-history":[{"count":0,"href":"https:\/\/www.bt-it.de\/cms\/wp-json\/wp\/v2\/pages\/687\/revisions"}],"wp:attachment":[{"href":"https:\/\/www.bt-it.de\/cms\/wp-json\/wp\/v2\/media?parent=687"}],"curies":[{"name":"wp","href":"https:\/\/api.w.org\/{rel}","templated":true}]}}