{"id":618,"date":"2019-03-25T15:28:58","date_gmt":"2019-03-25T14:28:58","guid":{"rendered":"https:\/\/bt-it.de\/cms\/?page_id=618"},"modified":"2025-01-09T14:15:40","modified_gmt":"2025-01-09T13:15:40","slug":"einwilligung-datenschutz","status":"publish","type":"page","link":"https:\/\/www.bt-it.de\/cms\/einwilligung-datenschutz\/","title":{"rendered":"Einwilligung Datenschutz"},"content":{"rendered":"\t\t<div data-elementor-type=\"wp-page\" data-elementor-id=\"618\" class=\"elementor elementor-618\">\n\t\t\t\t\t\t<section class=\"elementor-section elementor-top-section elementor-element elementor-element-5e98cbe4 elementor-section-boxed elementor-section-height-default elementor-section-height-default\" data-id=\"5e98cbe4\" data-element_type=\"section\" data-e-type=\"section\">\n\t\t\t\t\t\t<div class=\"elementor-container elementor-column-gap-default\">\n\t\t\t\t\t<div class=\"elementor-column elementor-col-100 elementor-top-column elementor-element elementor-element-18cf6784\" data-id=\"18cf6784\" data-element_type=\"column\" data-e-type=\"column\">\n\t\t\t<div class=\"elementor-widget-wrap elementor-element-populated\">\n\t\t\t\t\t\t<div class=\"elementor-element elementor-element-3532bb4d elementor-widget elementor-widget-text-editor\" data-id=\"3532bb4d\" data-element_type=\"widget\" data-e-type=\"widget\" data-widget_type=\"text-editor.default\">\n\t\t\t\t<div class=\"elementor-widget-container\">\n\t\t\t\t\t\t\t\t\t<div class=\"row\"><div class=\"col\"><h2>Einwilligungserkl\u00e4rung Datenschutz<\/h2><\/div><\/div><div class=\"row tjustify\"><div class=\"col\"><p>Im Zuge Ihrer Bewerbung \u00fcbermitteln Sie uns personenbezogene Daten im datenschutzrechtlichen Sinne.<\/p><p>Hierf\u00fcr gilt die folgende Rechtsgrundlage:<\/p><ul><li>DSGVO Art. 88 Abs. 1;<\/li><li>BDSG \u00a726 Abs. 1, 2;<\/li><li>Vorrangig: Ihre ausdr\u00fcckliche Einwilligung zur Nutzung Ihrer Bewerbungsunterlagen in unserem Bewerberauswahlprozess.<\/li><\/ul><p>Die BT-IT GmbH sorgt unabh\u00e4ngig davon, von wo auf Ihre Daten zugegriffen wird, f\u00fcr den Schutz Ihrer pers\u00f6nlichen \/ personenbezogenen Daten und h\u00e4lt sich an datenschutzrechtliche Gesetze. Ihre Daten werden gem\u00e4\u00df den Anforderungen der EU-DSGVO im europ\u00e4ischen Wirtschaftsraum gespeichert.<\/p><h3>Freiwilligkeit<\/h3><p>Ihre Eingabe von Daten im Online-Formular zum Bewerbermanagementsystem auf unserer Webseite und die Zusendung personenbezogener Daten und insbesondere die Einwilligung in unsere Datenverarbeitung sind freiwillig. Ihre Einwilligung ist erforderlich, damit wir Ihre Daten in unser Bewerbermanagementsystem aufnehmen und bearbeiten k\u00f6nnen.<\/p><h3>Einwilligung<\/h3><p>Mit der Eingabe Ihrer Daten willigen Sie darin ein, dass die anfallenden personenbezogenen Daten innerhalb der BT-IT GmbH zum Zwecke einer Stellenbesetzung gespeichert und verarbeitet werden.<\/p><p>Die \u00fcblichen erhobenen Datenkategorien sind:<\/p><ul><li>Anschreiben mit Kontaktdaten (Telefon, Mail, Postanschrift)<\/li><li>Lebenslauf<\/li><li>Zeugnisse und berufliche \/ fachliche Qualifikationsnachweise<\/li><\/ul><p>Sollten Sie nicht einwilligen wollen oder k\u00f6nnen, wenden Sie sich gerne direkt an unseren Prozessverantwortlichen (siehe unten). Bitte beachten Sie, dass wir Ihre Bewerbung ohne Ihre Einwilligung nicht ber\u00fccksichtigen k\u00f6nnen.<\/p><h3>Zweck der Erhebung und Verarbeitung Ihrer pers\u00f6nlichen Daten<\/h3><p>Mit Ihrer Bewerbung zeigen Sie uns Ihr Interesse an einer Besch\u00e4ftigung in einem Unternehmen der BT-IT GmbH (nachfolgend BT) und stellen uns Ihre personenbezogenen Daten \u00fcber Ihre konkrete Bewerbung hinaus zum Zweck einer Stellenbesetzung zur Verf\u00fcgung. Die von Ihnen erfassten pers\u00f6nlichen Daten werden ausschlie\u00dflich zum Zweck einer Stellenbesetzung im Bewerberauswahlprozess verwendet, um Ihre Eignung zur beworbenen Stelle sowie alternativen Stellenangeboten zu pr\u00fcfen. Ihre personenbezogenen Daten werden keinen Dritten au\u00dferhalb der BT-IT GmbH zur Verf\u00fcgung gestellt, es sei denn, dass hierzu eine beh\u00f6rdliche Anordnung vorliegt.\u00a0<\/p><h3>Widerruf<\/h3><p>Sollten Sie dies von einem bestimmten Zeitpunkt an nicht mehr w\u00fcnschen, k\u00f6nnen Sie eine E-Mail an\u00a0<a class=\"crypto\" href=\"mailto:bewerbung@bt-it.de\">bewerbung@bt-it.de<\/a>\u00a0unter Angaben Ihrer Kontaktdaten zwecks Pr\u00fcfung Ihrer Identit\u00e4t senden. Ihre Daten werden nach Best\u00e4tigung Ihrer Identit\u00e4t unverz\u00fcglich gel\u00f6scht.<\/p><h3>Zugriffsrechte<\/h3><p>Im Rahmen des Bewerbungsprozesses werden Ihre Daten von der Personal-Abteilung der BT sowie weiteren autorisierten Personen im Auswahlprozessinnerhalb der BT verarbeitet.<\/p><h3>Ihre Rechte<\/h3><p>Wir weisen Sie darauf hin, dass Sie grunds\u00e4tzlich folgende Rechte haben:<\/p><ul><li>Auskunft \u00fcber Ihre personenbezogenen Daten<\/li><li>Berichtigung Ihrer personenbezogenen Daten<\/li><li>L\u00f6schung Ihrer personenbezogenen Daten<\/li><li>Einschr\u00e4nkung der Verarbeitung Ihrer personenbezogenen Daten<\/li><li>Widerspruchsrechts gegen die Verarbeitung<\/li><li>Recht auf Daten\u00fcbertragung<\/li><\/ul><p>Sollten Sie einen Anlass zur Beschwerde bez\u00fcglich unserer Datenverarbeitung haben, k\u00f6nnen Sie sich an unseren nach gesetzlichen Anforderungen entsprechend bestellten Datenschutzbeauftragten (<a class=\"crypto\" href=\"mailto:datenschutz@bt-it.de\">datenschutz@bt-it.de<\/a>) wenden. Dar\u00fcber hinaus steht es Ihnen frei, Kontakt mit der nieders\u00e4chsischen Aufsichtsbeh\u00f6rde f\u00fcr Datenschutz auszunehmen, die f\u00fcr die BT zust\u00e4ndig ist.<\/p><h3>Aufbewahrung Ihrer personenbezogenen Daten<\/h3><p>Wir speichern Ihre personenbezogenen Daten so lange, wie es n\u00f6tig ist, um den Bewerbungsprozess auszuf\u00fchren und nur solange Sie damit einverstanden sind (Widerruf). Ist nach zw\u00f6lf Monaten Ihre Bewerbung nicht mehr Teil eines Bewerbungsverfahrens, werden Ihre Bewerbungsunterlagen und Aufzeichnungen sowie Korrespondenz gel\u00f6scht. Sollten wir Ihnen eine Stelle in Ihrem Interesse in Aussicht stellen k\u00f6nnen, werden wir vor Ablauf der Jahresfrist erneut um eine Einwilligung und ggf. in Abstimmung um die Aktualisierung Ihrer Angaben bitten.<\/p><h3>Einwilligung von Bewerbern\/innen (bis 15. Lebensjahr)<\/h3><p>Sollten Sie noch keine 16 Jahre alt sein, m\u00fcssen wir auf eine Einwilligung Ihres gesetzlichen Vertreters (i.d.R. Ihrer Eltern) durch die formlose Angabe der Kontaktdaten und Unterschrift auf diesem Dokument und Beilage in Ihre Bewerbungsunterlagen bestehen. Sollten Sie dies aus triftigen Gr\u00fcnden nicht umsetzen k\u00f6nnen, setzen Sie sich bitte mit dem Prozessverantwortlichen in Verbindung. Verantwortliche Stelle (Gesetzliche Angabe gem\u00e4\u00df DSGVO)<\/p><p><b>BT-IT GmbH<\/b><br \/>K\u00f6nigstra\u00dfe 3<br \/>26655 Rastede<\/p><p><b>Prozessverantwortlicher:<\/b> Malte Wenau, E-Mail: <a href=\"mailto:m.wenau@bt-it.de\">m.wenau@bt-it.de<\/a><\/p><\/div><\/div>\t\t\t\t\t\t\t\t<\/div>\n\t\t\t\t<\/div>\n\t\t\t\t\t<\/div>\n\t\t<\/div>\n\t\t\t\t\t<\/div>\n\t\t<\/section>\n\t\t\t\t<\/div>\n\t\t","protected":false},"excerpt":{"rendered":"<p>Einwilligungserkl\u00e4rung Datenschutz Im Zuge Ihrer Bewerbung \u00fcbermitteln Sie uns personenbezogene Daten im datenschutzrechtlichen Sinne. Hierf\u00fcr gilt die folgende Rechtsgrundlage: DSGVO Art. 88 Abs. 1; BDSG \u00a726 Abs. 1, 2; Vorrangig: Ihre ausdr\u00fcckliche Einwilligung zur Nutzung Ihrer Bewerbungsunterlagen in unserem Bewerberauswahlprozess. Die BT-IT GmbH sorgt unabh\u00e4ngig davon, von wo auf Ihre Daten zugegriffen wird, f\u00fcr den [&hellip;]<\/p>\n","protected":false},"author":2,"featured_media":0,"parent":0,"menu_order":0,"comment_status":"closed","ping_status":"closed","template":"","meta":{"_monsterinsights_skip_tracking":false,"_monsterinsights_sitenote_active":false,"_monsterinsights_sitenote_note":"","_monsterinsights_sitenote_category":0,"site-sidebar-layout":"default","site-content-layout":"default","ast-site-content-layout":"default","site-content-style":"default","site-sidebar-style":"default","ast-global-header-display":"","ast-banner-title-visibility":"","ast-main-header-display":"","ast-hfb-above-header-display":"","ast-hfb-below-header-display":"","ast-hfb-mobile-header-display":"","site-post-title":"disabled","ast-breadcrumbs-content":"","ast-featured-img":"","footer-sml-layout":"","ast-disable-related-posts":"","theme-transparent-header-meta":"default","adv-header-id-meta":"","stick-header-meta":"","header-above-stick-meta":"","header-main-stick-meta":"","header-below-stick-meta":"","astra-migrate-meta-layouts":"default","ast-page-background-enabled":"default","ast-page-background-meta":{"desktop":{"background-color":"","background-image":"","background-repeat":"repeat","background-position":"center center","background-size":"auto","background-attachment":"scroll","background-type":"","background-media":"","overlay-type":"","overlay-color":"","overlay-opacity":"","overlay-gradient":""},"tablet":{"background-color":"","background-image":"","background-repeat":"repeat","background-position":"center center","background-size":"auto","background-attachment":"scroll","background-type":"","background-media":"","overlay-type":"","overlay-color":"","overlay-opacity":"","overlay-gradient":""},"mobile":{"background-color":"","background-image":"","background-repeat":"repeat","background-position":"center center","background-size":"auto","background-attachment":"scroll","background-type":"","background-media":"","overlay-type":"","overlay-color":"","overlay-opacity":"","overlay-gradient":""}},"ast-content-background-meta":{"desktop":{"background-color":"var(--ast-global-color-5)","background-image":"","background-repeat":"repeat","background-position":"center center","background-size":"auto","background-attachment":"scroll","background-type":"","background-media":"","overlay-type":"","overlay-color":"","overlay-opacity":"","overlay-gradient":""},"tablet":{"background-color":"var(--ast-global-color-5)","background-image":"","background-repeat":"repeat","background-position":"center center","background-size":"auto","background-attachment":"scroll","background-type":"","background-media":"","overlay-type":"","overlay-color":"","overlay-opacity":"","overlay-gradient":""},"mobile":{"background-color":"var(--ast-global-color-5)","background-image":"","background-repeat":"repeat","background-position":"center center","background-size":"auto","background-attachment":"scroll","background-type":"","background-media":"","overlay-type":"","overlay-color":"","overlay-opacity":"","overlay-gradient":""}},"footnotes":""},"class_list":["post-618","page","type-page","status-publish","hentry"],"aioseo_notices":[],"_links":{"self":[{"href":"https:\/\/www.bt-it.de\/cms\/wp-json\/wp\/v2\/pages\/618","targetHints":{"allow":["GET"]}}],"collection":[{"href":"https:\/\/www.bt-it.de\/cms\/wp-json\/wp\/v2\/pages"}],"about":[{"href":"https:\/\/www.bt-it.de\/cms\/wp-json\/wp\/v2\/types\/page"}],"author":[{"embeddable":true,"href":"https:\/\/www.bt-it.de\/cms\/wp-json\/wp\/v2\/users\/2"}],"replies":[{"embeddable":true,"href":"https:\/\/www.bt-it.de\/cms\/wp-json\/wp\/v2\/comments?post=618"}],"version-history":[{"count":6,"href":"https:\/\/www.bt-it.de\/cms\/wp-json\/wp\/v2\/pages\/618\/revisions"}],"predecessor-version":[{"id":4203,"href":"https:\/\/www.bt-it.de\/cms\/wp-json\/wp\/v2\/pages\/618\/revisions\/4203"}],"wp:attachment":[{"href":"https:\/\/www.bt-it.de\/cms\/wp-json\/wp\/v2\/media?parent=618"}],"curies":[{"name":"wp","href":"https:\/\/api.w.org\/{rel}","templated":true}]}}