{"id":4255,"date":"2025-02-19T15:22:46","date_gmt":"2025-02-19T14:22:46","guid":{"rendered":"https:\/\/www.bt-it.de\/cms\/?page_id=4255"},"modified":"2025-02-28T14:04:32","modified_gmt":"2025-02-28T13:04:32","slug":"unser-unternehmen","status":"publish","type":"page","link":"https:\/\/www.bt-it.de\/cms\/unser-unternehmen\/","title":{"rendered":"Unser Unternehmen &#8211; Das ist die BT-IT GmbH"},"content":{"rendered":"\t\t<div data-elementor-type=\"wp-page\" data-elementor-id=\"4255\" class=\"elementor elementor-4255\">\n\t\t\t\t\t\t<section class=\"elementor-section elementor-top-section elementor-element elementor-element-40c5a459 elementor-section-boxed elementor-section-height-default elementor-section-height-default\" data-id=\"40c5a459\" data-element_type=\"section\" data-e-type=\"section\">\n\t\t\t\t\t\t<div class=\"elementor-container elementor-column-gap-default\">\n\t\t\t\t\t<div class=\"elementor-column elementor-col-100 elementor-top-column elementor-element elementor-element-41fe796e\" data-id=\"41fe796e\" data-element_type=\"column\" data-e-type=\"column\">\n\t\t\t<div class=\"elementor-widget-wrap elementor-element-populated\">\n\t\t\t\t\t\t<div class=\"elementor-element elementor-element-230b9ac7 elementor-widget elementor-widget-text-editor\" data-id=\"230b9ac7\" data-element_type=\"widget\" data-e-type=\"widget\" data-widget_type=\"text-editor.default\">\n\t\t\t\t<div class=\"elementor-widget-container\">\n\t\t\t\t\t\t\t\t\t<h4 class=\"wp-block-nextend-smartslider3\" style=\"padding-left: 80px;\">\u00a0<\/h4><h3 style=\"text-align: center;\">Seit 1999 Software f\u00fcr Ihr Unternehmen<\/h3><p><!-- \/wp:nextend\/smartslider3 --><\/p>\t\t\t\t\t\t\t\t<\/div>\n\t\t\t\t<\/div>\n\t\t\t\t<div class=\"elementor-element elementor-element-4604e9e elementor-widget elementor-widget-image\" data-id=\"4604e9e\" data-element_type=\"widget\" data-e-type=\"widget\" data-widget_type=\"image.default\">\n\t\t\t\t<div class=\"elementor-widget-container\">\n\t\t\t\t\t\t\t\t\t\t\t\t\t\t\t<img fetchpriority=\"high\" decoding=\"async\" width=\"768\" height=\"576\" src=\"https:\/\/www.bt-it.de\/cms\/wp-content\/uploads\/2025\/02\/bild_test_haus-768x576.jpg\" class=\"attachment-medium_large size-medium_large wp-image-4223\" alt=\"\" srcset=\"https:\/\/www.bt-it.de\/cms\/wp-content\/uploads\/2025\/02\/bild_test_haus-768x576.jpg 768w, https:\/\/www.bt-it.de\/cms\/wp-content\/uploads\/2025\/02\/bild_test_haus-300x225.jpg 300w, https:\/\/www.bt-it.de\/cms\/wp-content\/uploads\/2025\/02\/bild_test_haus-1024x768.jpg 1024w, https:\/\/www.bt-it.de\/cms\/wp-content\/uploads\/2025\/02\/bild_test_haus-16x12.jpg 16w, https:\/\/www.bt-it.de\/cms\/wp-content\/uploads\/2025\/02\/bild_test_haus.jpg 1381w\" sizes=\"(max-width: 768px) 100vw, 768px\" \/>\t\t\t\t\t\t\t\t\t\t\t\t\t\t\t<\/div>\n\t\t\t\t<\/div>\n\t\t\t\t\t<\/div>\n\t\t<\/div>\n\t\t\t\t\t<\/div>\n\t\t<\/section>\n\t\t\t\t<section class=\"elementor-section elementor-top-section elementor-element elementor-element-ba52d8c elementor-section-boxed elementor-section-height-default elementor-section-height-default\" data-id=\"ba52d8c\" data-element_type=\"section\" data-e-type=\"section\">\n\t\t\t\t\t\t<div class=\"elementor-container elementor-column-gap-default\">\n\t\t\t\t\t<div class=\"elementor-column elementor-col-100 elementor-top-column elementor-element elementor-element-ff9eea8\" data-id=\"ff9eea8\" data-element_type=\"column\" data-e-type=\"column\">\n\t\t\t<div class=\"elementor-widget-wrap elementor-element-populated\">\n\t\t\t\t\t\t<div class=\"elementor-element elementor-element-d1bcc6f elementor-widget elementor-widget-spacer\" data-id=\"d1bcc6f\" data-element_type=\"widget\" data-e-type=\"widget\" data-widget_type=\"spacer.default\">\n\t\t\t\t<div class=\"elementor-widget-container\">\n\t\t\t\t\t\t\t<div class=\"elementor-spacer\">\n\t\t\t<div class=\"elementor-spacer-inner\"><\/div>\n\t\t<\/div>\n\t\t\t\t\t\t<\/div>\n\t\t\t\t<\/div>\n\t\t\t\t<div class=\"elementor-element elementor-element-3241196 elementor-widget elementor-widget-image\" data-id=\"3241196\" data-element_type=\"widget\" data-e-type=\"widget\" data-widget_type=\"image.default\">\n\t\t\t\t<div class=\"elementor-widget-container\">\n\t\t\t\t\t\t\t\t\t\t\t\t\t\t\t<img decoding=\"async\" width=\"1024\" height=\"178\" src=\"https:\/\/www.bt-it.de\/cms\/wp-content\/uploads\/2019\/03\/Zeitstrahl-1024x178.png\" class=\"attachment-large size-large wp-image-554\" alt=\"\" srcset=\"https:\/\/www.bt-it.de\/cms\/wp-content\/uploads\/2019\/03\/Zeitstrahl-1024x178.png 1024w, https:\/\/www.bt-it.de\/cms\/wp-content\/uploads\/2019\/03\/Zeitstrahl-300x52.png 300w, https:\/\/www.bt-it.de\/cms\/wp-content\/uploads\/2019\/03\/Zeitstrahl-768x134.png 768w, https:\/\/www.bt-it.de\/cms\/wp-content\/uploads\/2019\/03\/Zeitstrahl.png 1500w\" sizes=\"(max-width: 1024px) 100vw, 1024px\" \/>\t\t\t\t\t\t\t\t\t\t\t\t\t\t\t<\/div>\n\t\t\t\t<\/div>\n\t\t\t\t<div class=\"elementor-element elementor-element-2c5e4cd elementor-widget elementor-widget-spacer\" data-id=\"2c5e4cd\" data-element_type=\"widget\" data-e-type=\"widget\" data-widget_type=\"spacer.default\">\n\t\t\t\t<div class=\"elementor-widget-container\">\n\t\t\t\t\t\t\t<div class=\"elementor-spacer\">\n\t\t\t<div class=\"elementor-spacer-inner\"><\/div>\n\t\t<\/div>\n\t\t\t\t\t\t<\/div>\n\t\t\t\t<\/div>\n\t\t\t\t\t<\/div>\n\t\t<\/div>\n\t\t\t\t\t<\/div>\n\t\t<\/section>\n\t\t\t\t<section class=\"elementor-section elementor-top-section elementor-element elementor-element-797027b elementor-section-boxed elementor-section-height-default elementor-section-height-default\" data-id=\"797027b\" data-element_type=\"section\" data-e-type=\"section\">\n\t\t\t\t\t\t<div class=\"elementor-container elementor-column-gap-default\">\n\t\t\t\t\t<div class=\"elementor-column elementor-col-100 elementor-top-column elementor-element elementor-element-4ed60a5\" data-id=\"4ed60a5\" data-element_type=\"column\" data-e-type=\"column\">\n\t\t\t<div class=\"elementor-widget-wrap elementor-element-populated\">\n\t\t\t\t\t\t<div class=\"elementor-element elementor-element-bd965d6 elementor-widget elementor-widget-text-editor\" data-id=\"bd965d6\" data-element_type=\"widget\" data-e-type=\"widget\" data-widget_type=\"text-editor.default\">\n\t\t\t\t<div class=\"elementor-widget-container\">\n\t\t\t\t\t\t\t\t\t<p>Seit 1999 entwickeln wir ma\u00dfgeschneiderte Softwarel\u00f6sungen f\u00fcr Unternehmen aus Industrie, Handel und Dienstleistung \u2013 von kleinen Betrieben bis hin zu gro\u00dfen Konzernen in ganz Deutschland und Europa.<\/p>\n<p>Mit einem Team aus 30 Experten setzen wir auf modernste Technologien, um individuelle Gesch\u00e4ftsprozesse effizient und passgenau abzubilden. Ob ma\u00dfgeschneiderte Individualsoftware, hochverf\u00fcgbare Datenbanken oder bew\u00e4hrte Standardl\u00f6sungen f\u00fcr KMUs \u2013 wir liefern Software, die nicht nur funktioniert, sondern begeistert.<\/p>\t\t\t\t\t\t\t\t<\/div>\n\t\t\t\t<\/div>\n\t\t\t\t\t<\/div>\n\t\t<\/div>\n\t\t\t\t\t<\/div>\n\t\t<\/section>\n\t\t\t\t<section class=\"elementor-section elementor-top-section elementor-element elementor-element-f219b18 elementor-section-boxed elementor-section-height-default elementor-section-height-default\" data-id=\"f219b18\" data-element_type=\"section\" data-e-type=\"section\">\n\t\t\t\t\t\t<div class=\"elementor-container elementor-column-gap-default\">\n\t\t\t\t\t<div class=\"elementor-column elementor-col-100 elementor-top-column elementor-element elementor-element-d6a0b9e\" data-id=\"d6a0b9e\" data-element_type=\"column\" data-e-type=\"column\">\n\t\t\t<div class=\"elementor-widget-wrap elementor-element-populated\">\n\t\t\t\t\t\t<div class=\"elementor-element elementor-element-c30ad3c elementor-widget elementor-widget-image\" data-id=\"c30ad3c\" data-element_type=\"widget\" data-e-type=\"widget\" data-widget_type=\"image.default\">\n\t\t\t\t<div class=\"elementor-widget-container\">\n\t\t\t\t\t\t\t\t\t\t\t\t\t\t\t<img decoding=\"async\" width=\"1024\" height=\"585\" src=\"https:\/\/www.bt-it.de\/cms\/wp-content\/uploads\/2025\/02\/jubilaeen-1024x585.jpg\" class=\"attachment-large size-large wp-image-4247\" alt=\"\" srcset=\"https:\/\/www.bt-it.de\/cms\/wp-content\/uploads\/2025\/02\/jubilaeen-1024x585.jpg 1024w, https:\/\/www.bt-it.de\/cms\/wp-content\/uploads\/2025\/02\/jubilaeen-300x171.jpg 300w, https:\/\/www.bt-it.de\/cms\/wp-content\/uploads\/2025\/02\/jubilaeen-768x439.jpg 768w, https:\/\/www.bt-it.de\/cms\/wp-content\/uploads\/2025\/02\/jubilaeen-1536x878.jpg 1536w, https:\/\/www.bt-it.de\/cms\/wp-content\/uploads\/2025\/02\/jubilaeen-18x10.jpg 18w, https:\/\/www.bt-it.de\/cms\/wp-content\/uploads\/2025\/02\/jubilaeen.jpg 1969w\" sizes=\"(max-width: 1024px) 100vw, 1024px\" \/>\t\t\t\t\t\t\t\t\t\t\t\t\t\t\t<\/div>\n\t\t\t\t<\/div>\n\t\t\t\t\t<\/div>\n\t\t<\/div>\n\t\t\t\t\t<\/div>\n\t\t<\/section>\n\t\t\t\t<\/div>\n\t\t","protected":false},"excerpt":{"rendered":"<p>\u00a0 Seit 1999 Software f\u00fcr Ihr Unternehmen Seit 1999 entwickeln wir ma\u00dfgeschneiderte Softwarel\u00f6sungen f\u00fcr Unternehmen aus Industrie, Handel und Dienstleistung \u2013 von kleinen Betrieben bis hin zu gro\u00dfen Konzernen in ganz Deutschland und Europa. Mit einem Team aus 30 Experten setzen wir auf modernste Technologien, um individuelle Gesch\u00e4ftsprozesse effizient und passgenau abzubilden. Ob ma\u00dfgeschneiderte Individualsoftware, [&hellip;]<\/p>\n","protected":false},"author":7,"featured_media":0,"parent":0,"menu_order":0,"comment_status":"closed","ping_status":"closed","template":"","meta":{"_monsterinsights_skip_tracking":false,"_monsterinsights_sitenote_active":false,"_monsterinsights_sitenote_note":"","_monsterinsights_sitenote_category":0,"site-sidebar-layout":"default","site-content-layout":"default","ast-site-content-layout":"default","site-content-style":"default","site-sidebar-style":"default","ast-global-header-display":"","ast-banner-title-visibility":"","ast-main-header-display":"","ast-hfb-above-header-display":"","ast-hfb-below-header-display":"","ast-hfb-mobile-header-display":"","site-post-title":"disabled","ast-breadcrumbs-content":"","ast-featured-img":"","footer-sml-layout":"","ast-disable-related-posts":"","theme-transparent-header-meta":"default","adv-header-id-meta":"","stick-header-meta":"","header-above-stick-meta":"","header-main-stick-meta":"","header-below-stick-meta":"","astra-migrate-meta-layouts":"set","ast-page-background-enabled":"default","ast-page-background-meta":{"desktop":{"background-color":"","background-image":"","background-repeat":"repeat","background-position":"center center","background-size":"auto","background-attachment":"scroll","background-type":"","background-media":"","overlay-type":"","overlay-color":"","overlay-opacity":"","overlay-gradient":""},"tablet":{"background-color":"","background-image":"","background-repeat":"repeat","background-position":"center center","background-size":"auto","background-attachment":"scroll","background-type":"","background-media":"","overlay-type":"","overlay-color":"","overlay-opacity":"","overlay-gradient":""},"mobile":{"background-color":"","background-image":"","background-repeat":"repeat","background-position":"center center","background-size":"auto","background-attachment":"scroll","background-type":"","background-media":"","overlay-type":"","overlay-color":"","overlay-opacity":"","overlay-gradient":""}},"ast-content-background-meta":{"desktop":{"background-color":"var(--ast-global-color-5)","background-image":"","background-repeat":"repeat","background-position":"center center","background-size":"auto","background-attachment":"scroll","background-type":"","background-media":"","overlay-type":"","overlay-color":"","overlay-opacity":"","overlay-gradient":""},"tablet":{"background-color":"var(--ast-global-color-5)","background-image":"","background-repeat":"repeat","background-position":"center center","background-size":"auto","background-attachment":"scroll","background-type":"","background-media":"","overlay-type":"","overlay-color":"","overlay-opacity":"","overlay-gradient":""},"mobile":{"background-color":"var(--ast-global-color-5)","background-image":"","background-repeat":"repeat","background-position":"center center","background-size":"auto","background-attachment":"scroll","background-type":"","background-media":"","overlay-type":"","overlay-color":"","overlay-opacity":"","overlay-gradient":""}},"footnotes":""},"class_list":["post-4255","page","type-page","status-publish","hentry"],"aioseo_notices":[],"_links":{"self":[{"href":"https:\/\/www.bt-it.de\/cms\/wp-json\/wp\/v2\/pages\/4255","targetHints":{"allow":["GET"]}}],"collection":[{"href":"https:\/\/www.bt-it.de\/cms\/wp-json\/wp\/v2\/pages"}],"about":[{"href":"https:\/\/www.bt-it.de\/cms\/wp-json\/wp\/v2\/types\/page"}],"author":[{"embeddable":true,"href":"https:\/\/www.bt-it.de\/cms\/wp-json\/wp\/v2\/users\/7"}],"replies":[{"embeddable":true,"href":"https:\/\/www.bt-it.de\/cms\/wp-json\/wp\/v2\/comments?post=4255"}],"version-history":[{"count":14,"href":"https:\/\/www.bt-it.de\/cms\/wp-json\/wp\/v2\/pages\/4255\/revisions"}],"predecessor-version":[{"id":4346,"href":"https:\/\/www.bt-it.de\/cms\/wp-json\/wp\/v2\/pages\/4255\/revisions\/4346"}],"wp:attachment":[{"href":"https:\/\/www.bt-it.de\/cms\/wp-json\/wp\/v2\/media?parent=4255"}],"curies":[{"name":"wp","href":"https:\/\/api.w.org\/{rel}","templated":true}]}}