{"id":3724,"date":"2022-04-12T09:04:47","date_gmt":"2022-04-12T07:04:47","guid":{"rendered":"https:\/\/bt-it.de\/cms\/?page_id=3724"},"modified":"2024-11-12T14:55:50","modified_gmt":"2024-11-12T13:55:50","slug":"webinareundworkshops","status":"publish","type":"page","link":"https:\/\/www.bt-it.de\/cms\/webinareundworkshops\/","title":{"rendered":"Webinare und Workshops"},"content":{"rendered":"\t\t<div data-elementor-type=\"wp-page\" data-elementor-id=\"3724\" class=\"elementor elementor-3724\">\n\t\t\t\t\t\t<section class=\"elementor-section elementor-top-section elementor-element elementor-element-2400444 elementor-section-boxed elementor-section-height-default elementor-section-height-default\" data-id=\"2400444\" data-element_type=\"section\" data-e-type=\"section\">\n\t\t\t\t\t\t<div class=\"elementor-container elementor-column-gap-default\">\n\t\t\t\t\t<div class=\"elementor-column elementor-col-100 elementor-top-column elementor-element elementor-element-b0f05a3\" data-id=\"b0f05a3\" data-element_type=\"column\" data-e-type=\"column\">\n\t\t\t<div class=\"elementor-widget-wrap elementor-element-populated\">\n\t\t\t\t\t\t<div class=\"elementor-element elementor-element-d2b7c96 elementor-widget elementor-widget-heading\" data-id=\"d2b7c96\" data-element_type=\"widget\" data-e-type=\"widget\" data-widget_type=\"heading.default\">\n\t\t\t\t<div class=\"elementor-widget-container\">\n\t\t\t\t\t<h2 class=\"elementor-heading-title elementor-size-default\">Webinare und Workshops<\/h2>\t\t\t\t<\/div>\n\t\t\t\t<\/div>\n\t\t\t\t<div class=\"elementor-element elementor-element-5c96db2 elementor-widget elementor-widget-text-editor\" data-id=\"5c96db2\" data-element_type=\"widget\" data-e-type=\"widget\" data-widget_type=\"text-editor.default\">\n\t\t\t\t<div class=\"elementor-widget-container\">\n\t\t\t\t\t\t\t\t\t<div>\n<p>Sehr geehrte Kunden,&nbsp;<\/p>\n<\/div>\n<div>\n<p>im Herbst haben wir Ihnen eine Reihe von interessanten Webinaren pr\u00e4sentiert, um Ihnen die Arbeit mit der WinLine zu erleichtern.<br>Ob Inventur, Formulare, Cockpitgestaltung oder eine Auffrischung der Basics &#8211; unsere Mitarbeiter&nbsp;Herr Meyer und Herr Renken stellten Ihnen die wichtigsten Informationen vor. Und das Beste: die Webinare waren kostenlos!&nbsp;<\/p><p>Momentan sind keine Webinare geplant aber die Workshops k\u00f6nnen weiterhin von Ihnen gebucht werden.&nbsp;<\/p>\n<p>F\u00fcr einen spezifischen, auf Ihre Umgebung angepassten, Workshop, haben wir ein attraktives 3 f\u00fcr 1 Angebot, d.h. Sie bekommen 3 Stunden Workshop und zahlen nur f\u00fcr eine Stunde (exklusive Reisekosten)!&nbsp;<\/p>\n<\/div>\n<div>In der Liste fehlt Ihnen etwas? Dann sprechen Sie uns gerne an!&nbsp;<\/div>\t\t\t\t\t\t\t\t<\/div>\n\t\t\t\t<\/div>\n\t\t\t\t\t<\/div>\n\t\t<\/div>\n\t\t\t\t\t<\/div>\n\t\t<\/section>\n\t\t\t\t<section class=\"elementor-section elementor-top-section elementor-element elementor-element-8b1745a elementor-section-boxed elementor-section-height-default elementor-section-height-default\" data-id=\"8b1745a\" data-element_type=\"section\" data-e-type=\"section\">\n\t\t\t\t\t\t<div class=\"elementor-container elementor-column-gap-default\">\n\t\t\t\t\t<div class=\"elementor-column elementor-col-100 elementor-top-column elementor-element elementor-element-397707d\" data-id=\"397707d\" data-element_type=\"column\" data-e-type=\"column\">\n\t\t\t<div class=\"elementor-widget-wrap elementor-element-populated\">\n\t\t\t\t\t\t<div class=\"elementor-element elementor-element-75472bb elementor-widget-divider--view-line elementor-widget elementor-widget-divider\" data-id=\"75472bb\" data-element_type=\"widget\" data-e-type=\"widget\" data-widget_type=\"divider.default\">\n\t\t\t\t<div class=\"elementor-widget-container\">\n\t\t\t\t\t\t\t<div class=\"elementor-divider\">\n\t\t\t<span class=\"elementor-divider-separator\">\n\t\t\t\t\t\t<\/span>\n\t\t<\/div>\n\t\t\t\t\t\t<\/div>\n\t\t\t\t<\/div>\n\t\t\t\t<div class=\"elementor-element elementor-element-1adaaf5 elementor-widget elementor-widget-heading\" data-id=\"1adaaf5\" data-element_type=\"widget\" data-e-type=\"widget\" data-widget_type=\"heading.default\">\n\t\t\t\t<div class=\"elementor-widget-container\">\n\t\t\t\t\t<h2 class=\"elementor-heading-title elementor-size-default\">3 f\u00fcr 1 - Workshops<\/h2>\t\t\t\t<\/div>\n\t\t\t\t<\/div>\n\t\t\t\t<div class=\"elementor-element elementor-element-6cbb930 elementor-widget elementor-widget-text-editor\" data-id=\"6cbb930\" data-element_type=\"widget\" data-e-type=\"widget\" data-widget_type=\"text-editor.default\">\n\t\t\t\t<div class=\"elementor-widget-container\">\n\t\t\t\t\t\t\t\t\t<div><strong>1.\u00a0Effizienz im Fokus: Systemanalyse und Arbeitsablaufoptimierung<\/strong><\/div><ul><li>Termin nach Ihrem Bedarf, kontaktieren Sie uns gerne<\/li><\/ul><div><strong>2.\u00a0Mehr verbinden, mehr erreichen: Schnittstellenpotentiale effektiv nutzen<\/strong><\/div><ul><li>Termin nach Ihrem Bedarf, kontaktieren Sie uns gerne<\/li><\/ul><div><strong>3.\u00a0Formulare im Detail: Individuelle L\u00f6sungen f\u00fcr Ihren Erfolg<\/strong><\/div><ul><li>Termin nach Ihrem Bedarf, kontaktieren Sie uns gerne<\/li><\/ul>\t\t\t\t\t\t\t\t<\/div>\n\t\t\t\t<\/div>\n\t\t\t\t\t<\/div>\n\t\t<\/div>\n\t\t\t\t\t<\/div>\n\t\t<\/section>\n\t\t\t\t<section class=\"elementor-section elementor-top-section elementor-element elementor-element-ec7ed4a elementor-section-boxed elementor-section-height-default elementor-section-height-default\" data-id=\"ec7ed4a\" data-element_type=\"section\" data-e-type=\"section\">\n\t\t\t\t\t\t<div class=\"elementor-container elementor-column-gap-default\">\n\t\t\t\t\t<div class=\"elementor-column elementor-col-100 elementor-top-column elementor-element elementor-element-ffeebef\" data-id=\"ffeebef\" data-element_type=\"column\" data-e-type=\"column\">\n\t\t\t<div class=\"elementor-widget-wrap elementor-element-populated\">\n\t\t\t\t\t\t<div class=\"elementor-element elementor-element-d685bb1 elementor-widget elementor-widget-text-editor\" data-id=\"d685bb1\" data-element_type=\"widget\" data-e-type=\"widget\" data-widget_type=\"text-editor.default\">\n\t\t\t\t<div class=\"elementor-widget-container\">\n\t\t\t\t\t\t\t\t\t<h5><span style=\"text-decoration: underline;\">Hier anmelden:<\/span><\/h5>\t\t\t\t\t\t\t\t<\/div>\n\t\t\t\t<\/div>\n\t\t\t\t\t<\/div>\n\t\t<\/div>\n\t\t\t\t\t<\/div>\n\t\t<\/section>\n\t\t\t\t<section class=\"elementor-section elementor-top-section elementor-element elementor-element-7993a2f elementor-section-boxed elementor-section-height-default elementor-section-height-default\" data-id=\"7993a2f\" data-element_type=\"section\" data-e-type=\"section\">\n\t\t\t\t\t\t<div class=\"elementor-container elementor-column-gap-default\">\n\t\t\t\t\t<div class=\"elementor-column elementor-col-100 elementor-top-column elementor-element elementor-element-3232293\" data-id=\"3232293\" data-element_type=\"column\" data-e-type=\"column\">\n\t\t\t<div class=\"elementor-widget-wrap elementor-element-populated\">\n\t\t\t\t\t\t<div class=\"elementor-element elementor-element-ef9f1a6 elementor-widget elementor-widget-sina_contact_form\" data-id=\"ef9f1a6\" data-element_type=\"widget\" data-e-type=\"widget\" data-widget_type=\"sina_contact_form.default\">\n\t\t\t\t<div class=\"elementor-widget-container\">\n\t\t\t\t\t\t\t<div class=\"sina-form\">\r\n\t\t\t<form class=\"sina-contact-form\"\r\n\t\t\tdata-uid=\"ef9f1a6\"\r\n\t\t\tdata-from=\"mesonic@bt-it.de\"\r\n\t\t\tdata-inbox=\"1cab6be71bb260eea887739e75e9d4a0\"\r\n\t\t\tdata-captcha=\"\">\r\n\t\t\t\t\t\t\t\t\t<div class=\"sina-contact-input\">\r\n\t<div class=\"sina-contact-input-half\">\r\n\t\t<input class=\"sina-input-field sina-input-block sina-input-name\" type=\"text\" placeholder=\"Firma (keine Sonderzeichen)\" >\r\n\t\t<input class=\"sina-input-field sina-input-block sina-input-email\" type=\"email\" placeholder=\"Emailadresse\" >\r\n\t\t<input class=\"sina-input-field sina-input-block sina-input-subject\" type=\"text\" placeholder=\"Workshopnummer(n)\" >\r\n\t<\/div>\r\n\t<div class=\"sina-contact-input-half\">\r\n\t\t<textarea class=\"sina-input-field sina-input-block sina-input-message\" placeholder=\"Personenanzahl, Terminw\u00fcnsche, etc. (mindestens drei Zeichen)\"><\/textarea>\r\n\t<\/div>\r\n<\/div>\r\n<div class=\"sina-contact-input\">\r\n\t<!-- For Google Recaptcha -->\r\n\t\r\n\t<button type=\"submit\" class=\"sina-button sina-contact-btn  \">\r\n\t\t\t\tSenden\t\t\t<\/button>\r\n<\/div>\t\t\t\t\r\n\t\t\t\t<p class=\"sina-success-text\">Danke f\u00fcr Ihr Interesse! Wir melden uns in K\u00fcrze mit der Best\u00e4tigung bei Ihnen.<\/p>\t\t\t\t<p class=\"sina-error-text\"><\/p>\r\n\t\t\t\t<p class=\"sina-process-text\">Processing...<\/p>\r\n\r\n\t\t\t\t<input type=\"hidden\" id=\"sina_contact_nonceef9f1a6\" name=\"sina_contact_nonceef9f1a6\" value=\"ba950a1faf\" \/><input type=\"hidden\" name=\"_wp_http_referer\" value=\"\/cms\/wp-json\/wp\/v2\/pages\/3724\" \/>\t\t\t<\/form><!-- .sina-contact-form -->\r\n\t\t<\/div><!-- .sina-form -->\r\n\t\t\t\t\t\t<\/div>\n\t\t\t\t<\/div>\n\t\t\t\t\t<\/div>\n\t\t<\/div>\n\t\t\t\t\t<\/div>\n\t\t<\/section>\n\t\t\t\t<\/div>\n\t\t","protected":false},"excerpt":{"rendered":"<p>Webinare und Workshops Sehr geehrte Kunden,&nbsp; im Herbst haben wir Ihnen eine Reihe von interessanten Webinaren pr\u00e4sentiert, um Ihnen die Arbeit mit der WinLine zu erleichtern.Ob Inventur, Formulare, Cockpitgestaltung oder eine Auffrischung der Basics &#8211; unsere Mitarbeiter&nbsp;Herr Meyer und Herr Renken stellten Ihnen die wichtigsten Informationen vor. Und das Beste: die Webinare waren kostenlos!&nbsp; Momentan [&hellip;]<\/p>\n","protected":false},"author":7,"featured_media":0,"parent":0,"menu_order":0,"comment_status":"closed","ping_status":"closed","template":"","meta":{"_monsterinsights_skip_tracking":false,"_monsterinsights_sitenote_active":false,"_monsterinsights_sitenote_note":"","_monsterinsights_sitenote_category":0,"site-sidebar-layout":"no-sidebar","site-content-layout":"page-builder","ast-site-content-layout":"full-width-container","site-content-style":"unboxed","site-sidebar-style":"unboxed","ast-global-header-display":"","ast-banner-title-visibility":"","ast-main-header-display":"","ast-hfb-above-header-display":"","ast-hfb-below-header-display":"","ast-hfb-mobile-header-display":"","site-post-title":"disabled","ast-breadcrumbs-content":"","ast-featured-img":"disabled","footer-sml-layout":"","ast-disable-related-posts":"","theme-transparent-header-meta":"default","adv-header-id-meta":"","stick-header-meta":"","header-above-stick-meta":"","header-main-stick-meta":"","header-below-stick-meta":"","astra-migrate-meta-layouts":"set","ast-page-background-enabled":"default","ast-page-background-meta":{"desktop":{"background-color":"","background-image":"","background-repeat":"repeat","background-position":"center center","background-size":"auto","background-attachment":"scroll","background-type":"","background-media":"","overlay-type":"","overlay-color":"","overlay-opacity":"","overlay-gradient":""},"tablet":{"background-color":"","background-image":"","background-repeat":"repeat","background-position":"center center","background-size":"auto","background-attachment":"scroll","background-type":"","background-media":"","overlay-type":"","overlay-color":"","overlay-opacity":"","overlay-gradient":""},"mobile":{"background-color":"","background-image":"","background-repeat":"repeat","background-position":"center center","background-size":"auto","background-attachment":"scroll","background-type":"","background-media":"","overlay-type":"","overlay-color":"","overlay-opacity":"","overlay-gradient":""}},"ast-content-background-meta":{"desktop":{"background-color":"var(--ast-global-color-5)","background-image":"","background-repeat":"repeat","background-position":"center center","background-size":"auto","background-attachment":"scroll","background-type":"","background-media":"","overlay-type":"","overlay-color":"","overlay-opacity":"","overlay-gradient":""},"tablet":{"background-color":"var(--ast-global-color-5)","background-image":"","background-repeat":"repeat","background-position":"center center","background-size":"auto","background-attachment":"scroll","background-type":"","background-media":"","overlay-type":"","overlay-color":"","overlay-opacity":"","overlay-gradient":""},"mobile":{"background-color":"var(--ast-global-color-5)","background-image":"","background-repeat":"repeat","background-position":"center center","background-size":"auto","background-attachment":"scroll","background-type":"","background-media":"","overlay-type":"","overlay-color":"","overlay-opacity":"","overlay-gradient":""}},"footnotes":""},"class_list":["post-3724","page","type-page","status-publish","hentry"],"aioseo_notices":[],"_links":{"self":[{"href":"https:\/\/www.bt-it.de\/cms\/wp-json\/wp\/v2\/pages\/3724","targetHints":{"allow":["GET"]}}],"collection":[{"href":"https:\/\/www.bt-it.de\/cms\/wp-json\/wp\/v2\/pages"}],"about":[{"href":"https:\/\/www.bt-it.de\/cms\/wp-json\/wp\/v2\/types\/page"}],"author":[{"embeddable":true,"href":"https:\/\/www.bt-it.de\/cms\/wp-json\/wp\/v2\/users\/7"}],"replies":[{"embeddable":true,"href":"https:\/\/www.bt-it.de\/cms\/wp-json\/wp\/v2\/comments?post=3724"}],"version-history":[{"count":105,"href":"https:\/\/www.bt-it.de\/cms\/wp-json\/wp\/v2\/pages\/3724\/revisions"}],"predecessor-version":[{"id":4172,"href":"https:\/\/www.bt-it.de\/cms\/wp-json\/wp\/v2\/pages\/3724\/revisions\/4172"}],"wp:attachment":[{"href":"https:\/\/www.bt-it.de\/cms\/wp-json\/wp\/v2\/media?parent=3724"}],"curies":[{"name":"wp","href":"https:\/\/api.w.org\/{rel}","templated":true}]}}